{"id":40,"date":"2021-02-01T15:42:51","date_gmt":"2021-02-01T14:42:51","guid":{"rendered":"http:\/\/webparisconsulting.com\/?page_id=40"},"modified":"2021-02-20T19:24:41","modified_gmt":"2021-02-20T18:24:41","slug":"lagence","status":"publish","type":"page","link":"https:\/\/webparisconsulting.com\/index.php\/lagence\/","title":{"rendered":"L&rsquo;Agence"},"content":{"rendered":"\n<p>Web Paris Consulting est cr\u00e9ateur de valeurs sur le web.<\/p>\n\n\n\n<p>Notre agence est sp\u00e9cialis\u00e9e en communication Sant\u00e9 sur le digital ainsi que sur tous les supports de communication n\u00e9cessaires \u00e0 l&rsquo;activit\u00e9 des secteurs de la sant\u00e9, beaut\u00e9, alimentation, compl\u00e9ments alimentaires, minceur et sport.<\/p>\n\n\n\n<figure class=\"wp-block-image\"><img loading=\"lazy\" width=\"1024\" height=\"1024\" src=\"http:\/\/webparisconsulting.com\/wp-content\/uploads\/2021\/02\/WPC_1-1024x1024.png\" alt=\"Confiez-nous votre strat\u00e9gie digitale. L'agence Web Paris Consulting est cr\u00e9ateur de valeurs sur le web.\" class=\"wp-image-41\" srcset=\"https:\/\/webparisconsulting.com\/wp-content\/uploads\/2021\/02\/WPC_1-1024x1024.png 1024w, https:\/\/webparisconsulting.com\/wp-content\/uploads\/2021\/02\/WPC_1-300x300.png 300w, https:\/\/webparisconsulting.com\/wp-content\/uploads\/2021\/02\/WPC_1-100x100.png 100w, https:\/\/webparisconsulting.com\/wp-content\/uploads\/2021\/02\/WPC_1-600x600.png 600w, https:\/\/webparisconsulting.com\/wp-content\/uploads\/2021\/02\/WPC_1-150x150.png 150w, https:\/\/webparisconsulting.com\/wp-content\/uploads\/2021\/02\/WPC_1-768x768.png 768w, https:\/\/webparisconsulting.com\/wp-content\/uploads\/2021\/02\/WPC_1.png 1080w\" sizes=\"(max-width: 1024px) 100vw, 1024px\" \/><\/figure>\n","protected":false},"excerpt":{"rendered":"<p>Web Paris Consulting est cr\u00e9ateur de valeurs sur le web. Notre agence est sp\u00e9cialis\u00e9e en communication Sant\u00e9 sur le digital ainsi que sur tous les supports de communication n\u00e9cessaires \u00e0 l&rsquo;activit\u00e9 des secteurs de la sant\u00e9, beaut\u00e9, alimentation, compl\u00e9ments alimentaires, minceur et sport.<\/p>\n","protected":false},"author":1,"featured_media":0,"parent":0,"menu_order":0,"comment_status":"closed","ping_status":"closed","template":"","meta":[],"_links":{"self":[{"href":"https:\/\/webparisconsulting.com\/index.php\/wp-json\/wp\/v2\/pages\/40"}],"collection":[{"href":"https:\/\/webparisconsulting.com\/index.php\/wp-json\/wp\/v2\/pages"}],"about":[{"href":"https:\/\/webparisconsulting.com\/index.php\/wp-json\/wp\/v2\/types\/page"}],"author":[{"embeddable":true,"href":"https:\/\/webparisconsulting.com\/index.php\/wp-json\/wp\/v2\/users\/1"}],"replies":[{"embeddable":true,"href":"https:\/\/webparisconsulting.com\/index.php\/wp-json\/wp\/v2\/comments?post=40"}],"version-history":[{"count":2,"href":"https:\/\/webparisconsulting.com\/index.php\/wp-json\/wp\/v2\/pages\/40\/revisions"}],"predecessor-version":[{"id":234,"href":"https:\/\/webparisconsulting.com\/index.php\/wp-json\/wp\/v2\/pages\/40\/revisions\/234"}],"wp:attachment":[{"href":"https:\/\/webparisconsulting.com\/index.php\/wp-json\/wp\/v2\/media?parent=40"}],"curies":[{"name":"wp","href":"https:\/\/api.w.org\/{rel}","templated":true}]}}