{"id":193,"date":"2021-02-10T19:02:06","date_gmt":"2021-02-10T18:02:06","guid":{"rendered":"https:\/\/webparisconsulting.com\/?post_type=product&#038;p=193"},"modified":"2021-02-10T19:06:28","modified_gmt":"2021-02-10T18:06:28","slug":"consulting-digital","status":"publish","type":"product","link":"https:\/\/webparisconsulting.com\/index.php\/produit\/consulting-digital\/","title":{"rendered":"Consulting Digital"},"content":{"rendered":"<p>Au programme, 3 jours d&rsquo;audit et de conseils sur-mesure.<\/p>\n<p>L&rsquo;objectif est de mettre en place la strat\u00e9gie digitale de votre entreprise, c&rsquo;est en \u00e9tant pr\u00e9par\u00e9 sur le fond que la forme n&rsquo;en sera que plus belle et pertinente. Vous b\u00e9n\u00e9ficiez en fonction de votre secteur d&rsquo;activit\u00e9, de nos meilleurs consultants dont l&rsquo;exp\u00e9rience dans le domaine est reconnue.<\/p>\n<p>Notre expertise consistera dans un premier temps \u00e0 \u00e9valuer l&rsquo;efficacit\u00e9 de votre approche digitale face au march\u00e9 dans lequel vous \u00e9voluez. Nous pourrons ainsi vous proposer des approches cibl\u00e9es, pertinente et mettant en \u00e9vidence les asp\u00e9rit\u00e9s et les diff\u00e9rences de votre entreprise pour l&rsquo;adapter \u00e0 vos prospects.<\/p>\n<p>L&rsquo;objectif est de cr\u00e9er de la valeur sur le web afin d&rsquo;attirer et fid\u00e9liser une communaut\u00e9 de followers, qui repr\u00e9senteront votre plateforme de d\u00e9veloppement.<\/p>\n<p>&nbsp;<\/p>\n","protected":false},"excerpt":{"rendered":"<p>Notre Agence vous propose un service de consulting digital dont le but est de parfaire votre strat\u00e9gie digitale de fa\u00e7on pertinente. N&rsquo;oubliez pas, la forme, c&rsquo;est le fond qui remonte \u00e0 la surface.<\/p>\n","protected":false},"featured_media":161,"template":"","meta":[],"_links":{"self":[{"href":"https:\/\/webparisconsulting.com\/index.php\/wp-json\/wp\/v2\/product\/193"}],"collection":[{"href":"https:\/\/webparisconsulting.com\/index.php\/wp-json\/wp\/v2\/product"}],"about":[{"href":"https:\/\/webparisconsulting.com\/index.php\/wp-json\/wp\/v2\/types\/product"}],"wp:featuredmedia":[{"embeddable":true,"href":"https:\/\/webparisconsulting.com\/index.php\/wp-json\/wp\/v2\/media\/161"}],"wp:attachment":[{"href":"https:\/\/webparisconsulting.com\/index.php\/wp-json\/wp\/v2\/media?parent=193"}],"curies":[{"name":"wp","href":"https:\/\/api.w.org\/{rel}","templated":true}]}}